{"id":49,"date":"2017-12-27T19:12:44","date_gmt":"2017-12-27T19:12:44","guid":{"rendered":"https:\/\/kreuz-schwellbrunn.ch\/?page_id=49"},"modified":"2025-12-11T22:09:04","modified_gmt":"2025-12-11T20:09:04","slug":"kurzaufenthalt","status":"publish","type":"page","link":"https:\/\/kreuz-schwellbrunn.ch\/index.php\/kurzaufenthalt\/","title":{"rendered":"Kurzaufenthalt"},"content":{"rendered":"\t\t<div data-elementor-type=\"wp-page\" data-elementor-id=\"49\" class=\"elementor elementor-49\">\n\t\t\t\t\t\t<section class=\"elementor-section elementor-top-section elementor-element elementor-element-7175ad0 elementor-section-boxed elementor-section-height-default elementor-section-height-default\" data-id=\"7175ad0\" data-element_type=\"section\">\n\t\t\t\t\t\t<div class=\"elementor-container elementor-column-gap-default\">\n\t\t\t\t\t<div class=\"elementor-column elementor-col-100 elementor-top-column elementor-element elementor-element-c4bf9e7\" data-id=\"c4bf9e7\" data-element_type=\"column\">\n\t\t\t<div class=\"elementor-widget-wrap elementor-element-populated\">\n\t\t\t\t\t\t<div class=\"elementor-element elementor-element-bff8c25 elementor-widget elementor-widget-heading\" data-id=\"bff8c25\" data-element_type=\"widget\" data-widget_type=\"heading.default\">\n\t\t\t\t<div class=\"elementor-widget-container\">\n\t\t\t\t\t<h2 class=\"elementor-heading-title elementor-size-default\">Kurzaufenthalt<\/h2>\t\t\t\t<\/div>\n\t\t\t\t<\/div>\n\t\t\t\t\t<\/div>\n\t\t<\/div>\n\t\t\t\t\t<\/div>\n\t\t<\/section>\n\t\t\t\t<section class=\"elementor-section elementor-top-section elementor-element elementor-element-16f94d1 elementor-section-boxed elementor-section-height-default elementor-section-height-default\" data-id=\"16f94d1\" data-element_type=\"section\">\n\t\t\t\t\t\t<div class=\"elementor-container elementor-column-gap-default\">\n\t\t\t\t\t<div class=\"elementor-column elementor-col-100 elementor-top-column elementor-element elementor-element-cb34b09\" data-id=\"cb34b09\" data-element_type=\"column\">\n\t\t\t<div class=\"elementor-widget-wrap elementor-element-populated\">\n\t\t\t\t\t\t<div class=\"elementor-element elementor-element-8ef1c89 elementor-align-center elementor-widget elementor-widget-button\" data-id=\"8ef1c89\" data-element_type=\"widget\" data-widget_type=\"button.default\">\n\t\t\t\t<div class=\"elementor-widget-container\">\n\t\t\t\t\t\t\t\t\t<div class=\"elementor-button-wrapper\">\n\t\t\t\t\t<a class=\"elementor-button elementor-button-link elementor-size-sm\" href=\"#\">\n\t\t\t\t\t\t<span class=\"elementor-button-content-wrapper\">\n\t\t\t\t\t\t\t\t\t<span class=\"elementor-button-text\">Ab Neujahr ist ein Einzelzimmer frei, f\u00fcr einen Kurzaufenthalt oder auch als Monatszimmer mietbar.<\/span>\n\t\t\t\t\t<\/span>\n\t\t\t\t\t<\/a>\n\t\t\t\t<\/div>\n\t\t\t\t\t\t\t\t<\/div>\n\t\t\t\t<\/div>\n\t\t\t\t\t<\/div>\n\t\t<\/div>\n\t\t\t\t\t<\/div>\n\t\t<\/section>\n\t\t\t\t<section class=\"elementor-section elementor-top-section elementor-element elementor-element-11138f1 elementor-section-boxed elementor-section-height-default elementor-section-height-default\" data-id=\"11138f1\" data-element_type=\"section\">\n\t\t\t\t\t\t<div class=\"elementor-container elementor-column-gap-default\">\n\t\t\t\t\t<div class=\"elementor-column elementor-col-66 elementor-top-column elementor-element elementor-element-36dff5f\" data-id=\"36dff5f\" data-element_type=\"column\">\n\t\t\t<div class=\"elementor-widget-wrap elementor-element-populated\">\n\t\t\t\t\t\t<div class=\"elementor-element elementor-element-18f325f elementor-widget elementor-widget-text-editor\" data-id=\"18f325f\" data-element_type=\"widget\" data-widget_type=\"text-editor.default\">\n\t\t\t\t<div class=\"elementor-widget-container\">\n\t\t\t\t\t\t\t\t\t<p>Sind Sie auf der Suche nach einer Unterkunft f\u00fcr eine oder mehrere N\u00e4chte?<br>Unsere Zimmer stehen Ihnen zur Verf\u00fcgung, jedes ist mit einer eigenen Nasszelle ausger\u00fcstet. In der Ende 2017 neu renovierten K\u00fcche k\u00f6nnen Sie sich Ihr Essen selber zubereiten.<\/p>\t\t\t\t\t\t\t\t<\/div>\n\t\t\t\t<\/div>\n\t\t\t\t<div class=\"elementor-element elementor-element-f9551cb elementor-widget elementor-widget-heading\" data-id=\"f9551cb\" data-element_type=\"widget\" data-widget_type=\"heading.default\">\n\t\t\t\t<div class=\"elementor-widget-container\">\n\t\t\t\t\t<h2 class=\"elementor-heading-title elementor-size-default\">Angebot und Preise<\/h2>\t\t\t\t<\/div>\n\t\t\t\t<\/div>\n\t\t\t\t<div class=\"elementor-element elementor-element-9c80933 elementor-widget elementor-widget-text-editor\" data-id=\"9c80933\" data-element_type=\"widget\" data-widget_type=\"text-editor.default\">\n\t\t\t\t<div class=\"elementor-widget-container\">\n\t\t\t\t\t\t\t\t\t<ul><li>2 Doppelzimmer mit Bad\/WC, Balkon und TV<br \/>\u00a0\u00a0 Kosten*: CHF 50.-\/Person und Nacht<\/li><li>2 Doppelzimmer mit Bad\/WC<br \/>\u00a0\u00a0 Kosten*: CHF 45.-\/Person und Nacht<\/li><li>1 Einzelzimmer mit Du\/WC<br \/>\u00a0\u00a0 Kosten*: CHF 50.-\/Person und Nacht<\/li><\/ul><p>\u00a0* exkl. Kurtaxe (CHF 2.-\/Person \u00fcber 12 Jahre und Nacht)<\/p><p>Kinder erhalten folgende Erm\u00e4ssigung:<\/p><ul><li>12-16 Jahre:25%<\/li><li>2-12 Jahre: 50%<\/li><li>bis 2 Jahre: kostenlos im Zimmer der Eltern<\/li><li>Kinderbett: 20.- (einmalig)<\/li><\/ul><p>Gut zu wissen:<\/p><ul><li>Zusatzmatratze ist in jedem Zimmer m\u00f6glich<\/li><li>K\u00fcche und Esstisch f\u00fcr Selbstkocher vorhanden<\/li><li>kostenloser WLAN-Zugang<\/li><\/ul>\t\t\t\t\t\t\t\t<\/div>\n\t\t\t\t<\/div>\n\t\t\t\t\t<\/div>\n\t\t<\/div>\n\t\t\t\t<div class=\"elementor-column elementor-col-33 elementor-top-column elementor-element elementor-element-4ce7c9a\" data-id=\"4ce7c9a\" data-element_type=\"column\">\n\t\t\t<div class=\"elementor-widget-wrap elementor-element-populated\">\n\t\t\t\t\t\t<div class=\"elementor-element elementor-element-1065e06 elementor-widget elementor-widget-image\" data-id=\"1065e06\" data-element_type=\"widget\" data-widget_type=\"image.default\">\n\t\t\t\t<div class=\"elementor-widget-container\">\n\t\t\t\t\t\t\t\t\t\t\t\t\t\t\t<img fetchpriority=\"high\" decoding=\"async\" width=\"1024\" height=\"683\" src=\"https:\/\/kreuz-schwellbrunn.ch\/wp-content\/uploads\/2025\/08\/IMG_3404-1024x683.jpeg\" class=\"attachment-large size-large wp-image-586\" alt=\"\" srcset=\"https:\/\/kreuz-schwellbrunn.ch\/wp-content\/uploads\/2025\/08\/IMG_3404-1024x683.jpeg 1024w, https:\/\/kreuz-schwellbrunn.ch\/wp-content\/uploads\/2025\/08\/IMG_3404-300x200.jpeg 300w, https:\/\/kreuz-schwellbrunn.ch\/wp-content\/uploads\/2025\/08\/IMG_3404-768x512.jpeg 768w, https:\/\/kreuz-schwellbrunn.ch\/wp-content\/uploads\/2025\/08\/IMG_3404-1536x1024.jpeg 1536w, https:\/\/kreuz-schwellbrunn.ch\/wp-content\/uploads\/2025\/08\/IMG_3404-2048x1365.jpeg 2048w, https:\/\/kreuz-schwellbrunn.ch\/wp-content\/uploads\/2025\/08\/IMG_3404-1620x1080.jpeg 1620w\" sizes=\"(max-width: 1024px) 100vw, 1024px\" \/>\t\t\t\t\t\t\t\t\t\t\t\t\t\t\t<\/div>\n\t\t\t\t<\/div>\n\t\t\t\t\t<\/div>\n\t\t<\/div>\n\t\t\t\t\t<\/div>\n\t\t<\/section>\n\t\t\t\t<\/div>\n\t\t","protected":false},"excerpt":{"rendered":"<p>Kurzaufenthalt Ab Neujahr ist ein Einzelzimmer frei, f\u00fcr einen Kurzaufenthalt oder auch als Monatszimmer mietbar. Sind Sie auf der Suche nach einer Unterkunft f\u00fcr eine oder mehrere N\u00e4chte?Unsere Zimmer stehen Ihnen zur Verf\u00fcgung, jedes ist mit einer eigenen Nasszelle ausger\u00fcstet. In der Ende 2017 neu renovierten K\u00fcche k\u00f6nnen Sie sich Ihr Essen selber zubereiten. Angebot [&hellip;]<\/p>\n","protected":false},"author":1,"featured_media":74,"parent":0,"menu_order":0,"comment_status":"closed","ping_status":"closed","template":"","meta":{"saved_in_kubio":false,"footnotes":""},"class_list":["post-49","page","type-page","status-publish","has-post-thumbnail","hentry"],"kubio_ai_page_context":{"short_desc":"","purpose":"general"},"jetpack_sharing_enabled":true,"_links":{"self":[{"href":"https:\/\/kreuz-schwellbrunn.ch\/index.php\/wp-json\/wp\/v2\/pages\/49","targetHints":{"allow":["GET"]}}],"collection":[{"href":"https:\/\/kreuz-schwellbrunn.ch\/index.php\/wp-json\/wp\/v2\/pages"}],"about":[{"href":"https:\/\/kreuz-schwellbrunn.ch\/index.php\/wp-json\/wp\/v2\/types\/page"}],"author":[{"embeddable":true,"href":"https:\/\/kreuz-schwellbrunn.ch\/index.php\/wp-json\/wp\/v2\/users\/1"}],"replies":[{"embeddable":true,"href":"https:\/\/kreuz-schwellbrunn.ch\/index.php\/wp-json\/wp\/v2\/comments?post=49"}],"version-history":[{"count":30,"href":"https:\/\/kreuz-schwellbrunn.ch\/index.php\/wp-json\/wp\/v2\/pages\/49\/revisions"}],"predecessor-version":[{"id":680,"href":"https:\/\/kreuz-schwellbrunn.ch\/index.php\/wp-json\/wp\/v2\/pages\/49\/revisions\/680"}],"wp:featuredmedia":[{"embeddable":true,"href":"https:\/\/kreuz-schwellbrunn.ch\/index.php\/wp-json\/wp\/v2\/media\/74"}],"wp:attachment":[{"href":"https:\/\/kreuz-schwellbrunn.ch\/index.php\/wp-json\/wp\/v2\/media?parent=49"}],"curies":[{"name":"wp","href":"https:\/\/api.w.org\/{rel}","templated":true}]}}