{"id":174,"date":"2017-12-28T19:30:01","date_gmt":"2017-12-28T19:30:01","guid":{"rendered":"https:\/\/kreuz-schwellbrunn.ch\/?page_id=174"},"modified":"2025-08-06T20:13:17","modified_gmt":"2025-08-06T18:13:17","slug":"raeume-mieten","status":"publish","type":"page","link":"https:\/\/kreuz-schwellbrunn.ch\/index.php\/raeume-mieten\/","title":{"rendered":"R\u00e4ume mieten"},"content":{"rendered":"\t\t<div data-elementor-type=\"wp-page\" data-elementor-id=\"174\" class=\"elementor elementor-174\">\n\t\t\t\t\t\t<section class=\"elementor-section elementor-top-section elementor-element elementor-element-6e75586 elementor-section-boxed elementor-section-height-default elementor-section-height-default\" data-id=\"6e75586\" data-element_type=\"section\">\n\t\t\t\t\t\t<div class=\"elementor-container elementor-column-gap-default\">\n\t\t\t\t\t<div class=\"elementor-column elementor-col-100 elementor-top-column elementor-element elementor-element-2669004\" data-id=\"2669004\" data-element_type=\"column\">\n\t\t\t<div class=\"elementor-widget-wrap elementor-element-populated\">\n\t\t\t\t\t\t<div class=\"elementor-element elementor-element-c1b3b61 elementor-widget elementor-widget-heading\" data-id=\"c1b3b61\" data-element_type=\"widget\" data-widget_type=\"heading.default\">\n\t\t\t\t<div class=\"elementor-widget-container\">\n\t\t\t\t\t<h2 class=\"elementor-heading-title elementor-size-default\">R\u00e4ume mieten<\/h2>\t\t\t\t<\/div>\n\t\t\t\t<\/div>\n\t\t\t\t\t<\/div>\n\t\t<\/div>\n\t\t\t\t\t<\/div>\n\t\t<\/section>\n\t\t\t\t<section class=\"elementor-section elementor-top-section elementor-element elementor-element-fcc1d94 elementor-section-boxed elementor-section-height-default elementor-section-height-default\" data-id=\"fcc1d94\" data-element_type=\"section\">\n\t\t\t\t\t\t<div class=\"elementor-container elementor-column-gap-default\">\n\t\t\t\t\t<div class=\"elementor-column elementor-col-66 elementor-top-column elementor-element elementor-element-9528b48\" data-id=\"9528b48\" data-element_type=\"column\">\n\t\t\t<div class=\"elementor-widget-wrap elementor-element-populated\">\n\t\t\t\t\t\t<div class=\"elementor-element elementor-element-32624de elementor-widget elementor-widget-text-editor\" data-id=\"32624de\" data-element_type=\"widget\" data-widget_type=\"text-editor.default\">\n\t\t\t\t<div class=\"elementor-widget-container\">\n\t\t\t\t\t\t\t\t\t<p>Die heimelige Gaststube und die K\u00fcche k\u00f6nnen f\u00fcr private Feste \/ Veranstaltungen gemietet werden.<\/p>\n<p>Die Gaststube bietet Platz f\u00fcr 30 Personen.<\/p>\n<p>Die K\u00fcche ist mit grossem Kochherd und industrieller Abwaschmaschine ausgestattet.<\/p>\n<p>Reinigung ist Sache des Mieters.<\/p>\n<p>Die Kosten sind abh\u00e4ngig von der Nutzungsart und -zeit sowie von der Anzahl R\u00e4ume (z.B. mit oder ohne Spielzimmer).&nbsp;<\/p>\n<p><br><\/p>\n<p>Fragen Sie uns gerne an. <a href=\"mailto:info@kreuz-schwellbrunn.ch\">info@kreuz-schwellbrunn.ch<\/a><\/p>\t\t\t\t\t\t\t\t<\/div>\n\t\t\t\t<\/div>\n\t\t\t\t\t<\/div>\n\t\t<\/div>\n\t\t\t\t<div class=\"elementor-column elementor-col-33 elementor-top-column elementor-element elementor-element-4d448a8\" data-id=\"4d448a8\" data-element_type=\"column\">\n\t\t\t<div class=\"elementor-widget-wrap elementor-element-populated\">\n\t\t\t\t\t\t<div class=\"elementor-element elementor-element-e28f092 elementor-widget elementor-widget-image\" data-id=\"e28f092\" data-element_type=\"widget\" data-widget_type=\"image.default\">\n\t\t\t\t<div class=\"elementor-widget-container\">\n\t\t\t\t\t\t\t\t\t\t\t\t\t\t\t<img fetchpriority=\"high\" decoding=\"async\" width=\"1024\" height=\"683\" src=\"https:\/\/kreuz-schwellbrunn.ch\/wp-content\/uploads\/2025\/07\/b8769147-ef71-415d-b8b9-2397a433ee49-1024x683.jpeg\" class=\"attachment-large size-large wp-image-562\" alt=\"\" srcset=\"https:\/\/kreuz-schwellbrunn.ch\/wp-content\/uploads\/2025\/07\/b8769147-ef71-415d-b8b9-2397a433ee49-1024x683.jpeg 1024w, https:\/\/kreuz-schwellbrunn.ch\/wp-content\/uploads\/2025\/07\/b8769147-ef71-415d-b8b9-2397a433ee49-300x200.jpeg 300w, https:\/\/kreuz-schwellbrunn.ch\/wp-content\/uploads\/2025\/07\/b8769147-ef71-415d-b8b9-2397a433ee49-768x512.jpeg 768w, https:\/\/kreuz-schwellbrunn.ch\/wp-content\/uploads\/2025\/07\/b8769147-ef71-415d-b8b9-2397a433ee49-1536x1024.jpeg 1536w, https:\/\/kreuz-schwellbrunn.ch\/wp-content\/uploads\/2025\/07\/b8769147-ef71-415d-b8b9-2397a433ee49-1620x1080.jpeg 1620w, https:\/\/kreuz-schwellbrunn.ch\/wp-content\/uploads\/2025\/07\/b8769147-ef71-415d-b8b9-2397a433ee49.jpeg 2048w\" sizes=\"(max-width: 1024px) 100vw, 1024px\" \/>\t\t\t\t\t\t\t\t\t\t\t\t\t\t\t<\/div>\n\t\t\t\t<\/div>\n\t\t\t\t\t<\/div>\n\t\t<\/div>\n\t\t\t\t\t<\/div>\n\t\t<\/section>\n\t\t\t\t<\/div>\n\t\t","protected":false},"excerpt":{"rendered":"<p>R\u00e4ume mieten Die heimelige Gaststube und die K\u00fcche k\u00f6nnen f\u00fcr private Feste \/ Veranstaltungen gemietet werden. Die Gaststube bietet Platz f\u00fcr 30 Personen. Die K\u00fcche ist mit grossem Kochherd und industrieller Abwaschmaschine ausgestattet. Reinigung ist Sache des Mieters. Die Kosten sind abh\u00e4ngig von der Nutzungsart und -zeit sowie von der Anzahl R\u00e4ume (z.B. mit oder [&hellip;]<\/p>\n","protected":false},"author":1,"featured_media":69,"parent":0,"menu_order":0,"comment_status":"closed","ping_status":"closed","template":"","meta":{"saved_in_kubio":false,"footnotes":""},"class_list":["post-174","page","type-page","status-publish","has-post-thumbnail","hentry"],"kubio_ai_page_context":{"short_desc":"","purpose":"general"},"jetpack_sharing_enabled":true,"_links":{"self":[{"href":"https:\/\/kreuz-schwellbrunn.ch\/index.php\/wp-json\/wp\/v2\/pages\/174","targetHints":{"allow":["GET"]}}],"collection":[{"href":"https:\/\/kreuz-schwellbrunn.ch\/index.php\/wp-json\/wp\/v2\/pages"}],"about":[{"href":"https:\/\/kreuz-schwellbrunn.ch\/index.php\/wp-json\/wp\/v2\/types\/page"}],"author":[{"embeddable":true,"href":"https:\/\/kreuz-schwellbrunn.ch\/index.php\/wp-json\/wp\/v2\/users\/1"}],"replies":[{"embeddable":true,"href":"https:\/\/kreuz-schwellbrunn.ch\/index.php\/wp-json\/wp\/v2\/comments?post=174"}],"version-history":[{"count":15,"href":"https:\/\/kreuz-schwellbrunn.ch\/index.php\/wp-json\/wp\/v2\/pages\/174\/revisions"}],"predecessor-version":[{"id":640,"href":"https:\/\/kreuz-schwellbrunn.ch\/index.php\/wp-json\/wp\/v2\/pages\/174\/revisions\/640"}],"wp:featuredmedia":[{"embeddable":true,"href":"https:\/\/kreuz-schwellbrunn.ch\/index.php\/wp-json\/wp\/v2\/media\/69"}],"wp:attachment":[{"href":"https:\/\/kreuz-schwellbrunn.ch\/index.php\/wp-json\/wp\/v2\/media?parent=174"}],"curies":[{"name":"wp","href":"https:\/\/api.w.org\/{rel}","templated":true}]}}