{"id":126,"date":"2017-12-27T19:47:52","date_gmt":"2017-12-27T19:47:52","guid":{"rendered":"https:\/\/kreuz-schwellbrunn.ch\/?page_id=126"},"modified":"2025-11-25T17:49:33","modified_gmt":"2025-11-25T15:49:33","slug":"monatszimmer","status":"publish","type":"page","link":"https:\/\/kreuz-schwellbrunn.ch\/index.php\/monatszimmer\/","title":{"rendered":"Monatszimmer"},"content":{"rendered":"\t\t<div data-elementor-type=\"wp-page\" data-elementor-id=\"126\" class=\"elementor elementor-126\">\n\t\t\t\t\t\t<section class=\"elementor-section elementor-top-section elementor-element elementor-element-eb58a99 elementor-section-boxed elementor-section-height-default elementor-section-height-default\" data-id=\"eb58a99\" data-element_type=\"section\">\n\t\t\t\t\t\t<div class=\"elementor-container elementor-column-gap-default\">\n\t\t\t\t\t<div class=\"elementor-column elementor-col-100 elementor-top-column elementor-element elementor-element-f0d51d0\" data-id=\"f0d51d0\" data-element_type=\"column\">\n\t\t\t<div class=\"elementor-widget-wrap elementor-element-populated\">\n\t\t\t\t\t\t<div class=\"elementor-element elementor-element-d673b8d elementor-widget elementor-widget-heading\" data-id=\"d673b8d\" data-element_type=\"widget\" data-widget_type=\"heading.default\">\n\t\t\t\t<div class=\"elementor-widget-container\">\n\t\t\t\t\t<h2 class=\"elementor-heading-title elementor-size-default\">Monatszimmer<\/h2>\t\t\t\t<\/div>\n\t\t\t\t<\/div>\n\t\t\t\t\t<\/div>\n\t\t<\/div>\n\t\t\t\t\t<\/div>\n\t\t<\/section>\n\t\t\t\t<section class=\"elementor-section elementor-top-section elementor-element elementor-element-ac8b9d2 elementor-section-boxed elementor-section-height-default elementor-section-height-default\" data-id=\"ac8b9d2\" data-element_type=\"section\">\n\t\t\t\t\t\t<div class=\"elementor-container elementor-column-gap-default\">\n\t\t\t\t\t<div class=\"elementor-column elementor-col-50 elementor-top-column elementor-element elementor-element-b028a60\" data-id=\"b028a60\" data-element_type=\"column\">\n\t\t\t<div class=\"elementor-widget-wrap elementor-element-populated\">\n\t\t\t\t\t\t<div class=\"elementor-element elementor-element-5d82602 elementor-widget elementor-widget-text-editor\" data-id=\"5d82602\" data-element_type=\"widget\" data-widget_type=\"text-editor.default\">\n\t\t\t\t<div class=\"elementor-widget-container\">\n\t\t\t\t\t\t\t\t\t<p>Tempor\u00e4r-Arbeiter, Teilzeitarbeiter und andere Personen, die nur f\u00fcr befristete Zeit im Appenzellerland leben, nutzen gerne unser Angebot der Monatsmiete. Dies bedeutet, Sie haben<\/p>\n<ul>\n<li>ein eigenes m\u00f6bliertes Zimmer<\/li>\n<li>ein eigenes Badezimmer (mit Dusche\/WC oder Badewanne\/WC)<\/li>\n<li>Zugang zur gemeinsam genutzten K\u00fcche mit Esstisch und eigenem abschliessbarem Oberschrank<\/li>\n<li>WLAN-Zugang<\/li>\n<li>Zugang zur Waschk\u00fcche (Waschmaschine &amp; Trockner vorhanden)<\/li>\n<\/ul>\n<p>Sie<\/p>\n<ul>\n<li>reinigen Ihr Zimmer regelm\u00e4ssig selber (oder lassen es von uns gegen Aufpreis reinigen)<\/li>\n<li>sorgen selber daf\u00fcr, dass die K\u00fcche sauber ist<\/li>\n<li>waschen die Bettw\u00e4sche selber (die Bettw\u00e4sche k\u00f6nnen Sie von uns beziehen oder selber mitbringen<\/li>\n<\/ul>\t\t\t\t\t\t\t\t<\/div>\n\t\t\t\t<\/div>\n\t\t\t\t<div class=\"elementor-element elementor-element-09ec5b5 elementor-widget elementor-widget-heading\" data-id=\"09ec5b5\" data-element_type=\"widget\" data-widget_type=\"heading.default\">\n\t\t\t\t<div class=\"elementor-widget-container\">\n\t\t\t\t\t<h2 class=\"elementor-heading-title elementor-size-default\">Preise<\/h2>\t\t\t\t<\/div>\n\t\t\t\t<\/div>\n\t\t\t\t<div class=\"elementor-element elementor-element-df9e7b7 elementor-widget elementor-widget-text-editor\" data-id=\"df9e7b7\" data-element_type=\"widget\" data-widget_type=\"text-editor.default\">\n\t\t\t\t<div class=\"elementor-widget-container\">\n\t\t\t\t\t\t\t\t\t<p>Das Monatszimmer ist ab CHF 645.- erh\u00e4ltlich, abh\u00e4ngig von der Gr\u00f6sse und Belegung.<\/p>\n<p>Nicht im Preis inbegriffen sind:<\/p>\n<ul>\n<li>Waschpulver<\/li>\n<li>Reinigung (Selber reinigen [Staubsauger ist vorhanden] oder CHF 35.- \/ Reinigung inkl. Bettw\u00e4schewechsel)<\/li>\n<li>Reinigungsdepot zu Beginn des Aufenthalts ( CHF 100.-)<\/li>\n<\/ul>\n<p>Falls Sie nicht in Schwellbrunn gemeldet sind (also keine Steuern bezahlen), kommen zus\u00e4tzlich CHF 1.50 \/ Nacht Beherbergungstaxe dazu.<\/p>\t\t\t\t\t\t\t\t<\/div>\n\t\t\t\t<\/div>\n\t\t\t\t\t<\/div>\n\t\t<\/div>\n\t\t\t\t<div class=\"elementor-column elementor-col-50 elementor-top-column elementor-element elementor-element-be3817a\" data-id=\"be3817a\" data-element_type=\"column\">\n\t\t\t<div class=\"elementor-widget-wrap elementor-element-populated\">\n\t\t\t\t\t\t<div class=\"elementor-element elementor-element-962a785 elementor-widget elementor-widget-image\" data-id=\"962a785\" data-element_type=\"widget\" data-widget_type=\"image.default\">\n\t\t\t\t<div class=\"elementor-widget-container\">\n\t\t\t\t\t\t\t\t\t\t\t\t\t\t\t<img fetchpriority=\"high\" decoding=\"async\" width=\"1024\" height=\"683\" src=\"https:\/\/kreuz-schwellbrunn.ch\/wp-content\/uploads\/2025\/08\/IMG_3404-1024x683.jpeg\" class=\"attachment-large size-large wp-image-586\" alt=\"\" srcset=\"https:\/\/kreuz-schwellbrunn.ch\/wp-content\/uploads\/2025\/08\/IMG_3404-1024x683.jpeg 1024w, https:\/\/kreuz-schwellbrunn.ch\/wp-content\/uploads\/2025\/08\/IMG_3404-300x200.jpeg 300w, https:\/\/kreuz-schwellbrunn.ch\/wp-content\/uploads\/2025\/08\/IMG_3404-768x512.jpeg 768w, https:\/\/kreuz-schwellbrunn.ch\/wp-content\/uploads\/2025\/08\/IMG_3404-1536x1024.jpeg 1536w, https:\/\/kreuz-schwellbrunn.ch\/wp-content\/uploads\/2025\/08\/IMG_3404-2048x1365.jpeg 2048w, https:\/\/kreuz-schwellbrunn.ch\/wp-content\/uploads\/2025\/08\/IMG_3404-1620x1080.jpeg 1620w\" sizes=\"(max-width: 1024px) 100vw, 1024px\" \/>\t\t\t\t\t\t\t\t\t\t\t\t\t\t\t<\/div>\n\t\t\t\t<\/div>\n\t\t\t\t\t<\/div>\n\t\t<\/div>\n\t\t\t\t\t<\/div>\n\t\t<\/section>\n\t\t\t\t<\/div>\n\t\t","protected":false},"excerpt":{"rendered":"<p>Monatszimmer Tempor\u00e4r-Arbeiter, Teilzeitarbeiter und andere Personen, die nur f\u00fcr befristete Zeit im Appenzellerland leben, nutzen gerne unser Angebot der Monatsmiete. Dies bedeutet, Sie haben ein eigenes m\u00f6bliertes Zimmer ein eigenes Badezimmer (mit Dusche\/WC oder Badewanne\/WC) Zugang zur gemeinsam genutzten K\u00fcche mit Esstisch und eigenem abschliessbarem Oberschrank WLAN-Zugang Zugang zur Waschk\u00fcche (Waschmaschine &amp; Trockner vorhanden) Sie [&hellip;]<\/p>\n","protected":false},"author":1,"featured_media":0,"parent":0,"menu_order":0,"comment_status":"closed","ping_status":"closed","template":"","meta":{"saved_in_kubio":false,"footnotes":""},"class_list":["post-126","page","type-page","status-publish","hentry"],"kubio_ai_page_context":{"short_desc":"","purpose":"general"},"jetpack_sharing_enabled":true,"_links":{"self":[{"href":"https:\/\/kreuz-schwellbrunn.ch\/index.php\/wp-json\/wp\/v2\/pages\/126","targetHints":{"allow":["GET"]}}],"collection":[{"href":"https:\/\/kreuz-schwellbrunn.ch\/index.php\/wp-json\/wp\/v2\/pages"}],"about":[{"href":"https:\/\/kreuz-schwellbrunn.ch\/index.php\/wp-json\/wp\/v2\/types\/page"}],"author":[{"embeddable":true,"href":"https:\/\/kreuz-schwellbrunn.ch\/index.php\/wp-json\/wp\/v2\/users\/1"}],"replies":[{"embeddable":true,"href":"https:\/\/kreuz-schwellbrunn.ch\/index.php\/wp-json\/wp\/v2\/comments?post=126"}],"version-history":[{"count":30,"href":"https:\/\/kreuz-schwellbrunn.ch\/index.php\/wp-json\/wp\/v2\/pages\/126\/revisions"}],"predecessor-version":[{"id":672,"href":"https:\/\/kreuz-schwellbrunn.ch\/index.php\/wp-json\/wp\/v2\/pages\/126\/revisions\/672"}],"wp:attachment":[{"href":"https:\/\/kreuz-schwellbrunn.ch\/index.php\/wp-json\/wp\/v2\/media?parent=126"}],"curies":[{"name":"wp","href":"https:\/\/api.w.org\/{rel}","templated":true}]}}